{"id":14024,"date":"2015-02-17T20:07:53","date_gmt":"2015-02-17T19:07:53","guid":{"rendered":"https:\/\/wendyvanmieghem.com\/?page_id=14024"},"modified":"2026-04-10T10:53:18","modified_gmt":"2026-04-10T08:53:18","slug":"levertijd","status":"publish","type":"page","link":"https:\/\/wendyvanmieghem.com\/nl\/levertijd\/","title":{"rendered":"Betaalwijze &#038; Levertijd"},"content":{"rendered":"<p>[et_pb_section fb_built=&#8221;1&#8243; _builder_version=&#8221;4.16&#8243; _module_preset=&#8221;default&#8221; global_colors_info=&#8221;{}&#8221;][et_pb_row _builder_version=&#8221;4.16&#8243; _module_preset=&#8221;default&#8221; global_colors_info=&#8221;{}&#8221;][et_pb_column type=&#8221;4_4&#8243; _builder_version=&#8221;4.16&#8243; _module_preset=&#8221;default&#8221; global_colors_info=&#8221;{}&#8221;][et_pb_text _builder_version=&#8221;4.27.4&#8243; _module_preset=&#8221;default&#8221; hover_enabled=&#8221;0&#8243; global_colors_info=&#8221;{}&#8221; sticky_enabled=&#8221;0&#8243;]<\/p>\n<h2>Betaalwijze, Levertijd &amp; Verzendkosten<\/h2>\n<h3><strong>Betaalwijze<\/strong><\/h3>\n<p>Je kunt eenvoudig, veilig en snel betalen via Europese en internationaal erkende betaalmethodes zoals iDeal | Wero, Bancontact, Paypal en creditcard.<\/p>\n<p>Lees zorgvuldig onze <a href=\"https:\/\/wendyvanmieghem.com\/nl\/aankoopvoorwaarden\/\" target=\"_blank\" rel=\"noopener\"><strong>aankoopvoorwaarden voor fysieke producten<\/strong><\/a> en <a href=\"https:\/\/wendyvanmieghem.com\/nl\/aankoopvoorwaarden-digitaal\/\" target=\"_blank\" rel=\"noopener\"><strong>aankoopvoorwaarden voor digitale producten en diensten<\/strong><\/a> voordat je tot aankoop overgaat.<\/p>\n<h3><strong>Levertijd<\/strong><\/h3>\n<p>Digitale producten worden direct geleverd na ontvangst van de volledige betaling. Bij betaling via bovengenoemde betaalmethoden verloopt dit geautomatiseerd, waardoor je na aankoop direct aan de slag kunt.<\/p>\n<p>Wanneer je betaalt via bankoverschrijving of factuur, moeten we eerst handmatig de betaling verwerken, voordat het product kan worden verstuurd. Houd daarom rekening met een extra verwerkingstijd van 5 tot 10 dagen.<\/p>\n<p>Papieren producten worden op werkdagen meestal dezelfde werkdag of de volgende werkdag na ontvangst van de betaling verzonden.\u00a0<br \/>Orders voor <a href=\"https\/\/wendyvanmieghem.com\/nl\/resellers\" target=\"_blank\" rel=\"noopener\"><strong>resellers<\/strong><\/a> wordt eveneens zoveel als mogelijk dezelfde of de volgende werkdag verstuurd. Hier geldt een levertijd van maximaal 2 werkdagen, mits er voldoende producten op voorraad zijn.<\/p>\n<p>Het is op afspraak mogelijk om producten op te halen. <a href=\"https:\/\/wendyvanmieghem.com\/nl\/contact-nl\/\" target=\"_blank\" rel=\"noopener noreferrer\"><strong>Mail<\/strong><\/a> voor het maken van een afspraak.<\/p>\n<h3><strong>Verzendkosten<\/strong><\/h3>\n<p>De verzendkosten voor papieren producten bedragen binnen Nederland de actuele tarieven voor <strong>brievenbuspost<\/strong> en <strong>pakketpost<\/strong>.<\/p>\n<p>Wil je dat de papieren producten <strong>buiten Nederland<\/strong> bij je worden bezorgd? Dat kan! De actuele tarieven voor pakketpost worden in rekening gebracht.<\/p>\n<p>Digitale producten worden beschikbaar gesteld via de Bookfunnel app. Download de app gratis in jouw app store en maak een account aan <strong>met hetzelfde emailadres<\/strong> als waarmee je jouw aankopen doet op Wendyvanmieghem.com. <a href=\"https:\/\/wendyvanmieghem.com\/nl\/bookfunnel-app\" target=\"_blank\" rel=\"noopener\"><strong>Lees hier de volledige uitleg over het gebruik van de Bookfunnel app<\/strong><\/a>.<\/p>\n<p>[\/et_pb_text][\/et_pb_column][\/et_pb_row][\/et_pb_section]<\/p>\n","protected":false},"excerpt":{"rendered":"<p>Betaalwijze, Levertijd &amp; Verzendkosten Betaalwijze Je kunt eenvoudig, veilig en snel betalen via Europese en internationaal erkende betaalmethodes zoals iDeal | Wero, Bancontact, Paypal en creditcard. Lees zorgvuldig onze aankoopvoorwaarden voor fysieke producten en aankoopvoorwaarden voor digitale producten en diensten voordat je tot aankoop overgaat. Levertijd Digitale producten worden direct geleverd na ontvangst van de [&hellip;]<\/p>\n","protected":false},"author":2,"featured_media":0,"parent":0,"menu_order":0,"comment_status":"open","ping_status":"closed","template":"","meta":{"_et_pb_use_builder":"on","_et_pb_old_content":"<h2>Payment methods, delivery &amp; shipping costs<\/h2>\r\n<h3><strong>Payment<\/strong><\/h3>\r\nYou can pay easily, safe and fast with your own bank account via Ideal\/MisterCash\/Bancontact\/KBC\/CBC or Sofort. It is also possible to pay via Paypal or creditcard.\r\n<h3><strong>Delivery<\/strong><\/h3>\r\n<strong>Digital products<\/strong> are added immediately to your <a href=\"\/?page_id=13336\"><strong>wendyvanmieghem.com account<\/strong><\/a> after I've received your full payment. When you pay via one of the payment methods above, digital products are added automatically to your account. This way you can start right after purchase.\r\n\r\n<strong>Paper products<\/strong> are send within 1 to 3 workdays, after I received your full payment. Wholesale orders are also send within 1 to 3 workdays (only when there are enough products in stock).\r\n\r\nPlease take into account an average <strong>delivery time<\/strong> of 1 week (inside Europe) to 2 weeks (outside Europe).\r\n<h3><strong>Shipping costs\r\n<\/strong><\/h3>\r\nThe shipping costs for <strong>paper products<\/strong> are within the Netherlands \u00e2\u0082\u00ac3,50 for <strong>letter post<\/strong>\u00c2 and\u00c2  \u00e2\u0082\u00ac5,95 per <strong>parcel<\/strong>.\r\n\r\nWould you like to receive <strong>paper products<\/strong> outside the Netherlands? That's possible! On average the shipping costs are <strong>15 euros within Europe<\/strong> and <strong>25 euros outside Europe<\/strong>. Shipping costs to <strong>Belgium<\/strong> are 8,75 euros; to <strong>Germany<\/strong> 9 euros. The actual shipping costs may differ per destination. They are calculated during the purchase process in our webshop (after you added your contact details).\r\n\r\nDigital products are added to your <a href=\"\/?page_id=13336\"><strong>wendyvanmieghem.com account<\/strong><\/a>. There are no additional costs. Please select 'Free shipping' during your payment process.","_et_gb_content_width":"","iawp_total_views":9,"footnotes":""},"class_list":["post-14024","page","type-page","status-publish","hentry"],"yoast_head":"<!-- This site is optimized with the Yoast SEO plugin v27.5 - https:\/\/yoast.com\/product\/yoast-seo-wordpress\/ -->\n<title>Betaalwijze &amp; Levertijd - Wendyvanmieghem.com<\/title>\n<meta name=\"description\" content=\"Digitale producten worden direct geleverd na ontvangst van de volledige betaling. Na aankoop kun je dus direct aan de slag.\" \/>\n<meta name=\"robots\" content=\"index, follow, max-snippet:-1, max-image-preview:large, max-video-preview:-1\" \/>\n<link rel=\"canonical\" href=\"https:\/\/wendyvanmieghem.com\/nl\/levertijd\/\" \/>\n<meta name=\"twitter:label1\" content=\"Geschatte leestijd\" \/>\n\t<meta name=\"twitter:data1\" content=\"2 minuten\" \/>\n<script type=\"application\/ld+json\" class=\"yoast-schema-graph\">{\"@context\":\"https:\\\/\\\/schema.org\",\"@graph\":[{\"@type\":\"WebPage\",\"@id\":\"https:\\\/\\\/wendyvanmieghem.com\\\/nl\\\/levertijd\\\/\",\"url\":\"https:\\\/\\\/wendyvanmieghem.com\\\/nl\\\/levertijd\\\/\",\"name\":\"Betaalwijze & Levertijd - Wendyvanmieghem.com\",\"isPartOf\":{\"@id\":\"https:\\\/\\\/wendyvanmieghem.com\\\/nl\\\/#website\"},\"datePublished\":\"2015-02-17T19:07:53+00:00\",\"dateModified\":\"2026-04-10T08:53:18+00:00\",\"description\":\"Digitale producten worden direct geleverd na ontvangst van de volledige betaling. Na aankoop kun je dus direct aan de slag.\",\"breadcrumb\":{\"@id\":\"https:\\\/\\\/wendyvanmieghem.com\\\/nl\\\/levertijd\\\/#breadcrumb\"},\"inLanguage\":\"nl-NL\",\"potentialAction\":[{\"@type\":\"ReadAction\",\"target\":[\"https:\\\/\\\/wendyvanmieghem.com\\\/nl\\\/levertijd\\\/\"]}]},{\"@type\":\"BreadcrumbList\",\"@id\":\"https:\\\/\\\/wendyvanmieghem.com\\\/nl\\\/levertijd\\\/#breadcrumb\",\"itemListElement\":[{\"@type\":\"ListItem\",\"position\":1,\"name\":\"Home\",\"item\":\"https:\\\/\\\/wendyvanmieghem.com\\\/nl\\\/\"},{\"@type\":\"ListItem\",\"position\":2,\"name\":\"Betaalwijze &#038; Levertijd\"}]},{\"@type\":\"WebSite\",\"@id\":\"https:\\\/\\\/wendyvanmieghem.com\\\/nl\\\/#website\",\"url\":\"https:\\\/\\\/wendyvanmieghem.com\\\/nl\\\/\",\"name\":\"Wendyvanmieghem.com\",\"description\":\"Use Emotional Intelligence to Improve Mental Health, Leadership Skills, and Realize Sustainable Change in Behavior or Culture\",\"potentialAction\":[{\"@type\":\"SearchAction\",\"target\":{\"@type\":\"EntryPoint\",\"urlTemplate\":\"https:\\\/\\\/wendyvanmieghem.com\\\/nl\\\/?s={search_term_string}\"},\"query-input\":{\"@type\":\"PropertyValueSpecification\",\"valueRequired\":true,\"valueName\":\"search_term_string\"}}],\"inLanguage\":\"nl-NL\"}]}<\/script>\n<!-- \/ Yoast SEO plugin. -->","yoast_head_json":{"title":"Betaalwijze & Levertijd - Wendyvanmieghem.com","description":"Digitale producten worden direct geleverd na ontvangst van de volledige betaling. Na aankoop kun je dus direct aan de slag.","robots":{"index":"index","follow":"follow","max-snippet":"max-snippet:-1","max-image-preview":"max-image-preview:large","max-video-preview":"max-video-preview:-1"},"canonical":"https:\/\/wendyvanmieghem.com\/nl\/levertijd\/","twitter_misc":{"Geschatte leestijd":"2 minuten"},"schema":{"@context":"https:\/\/schema.org","@graph":[{"@type":"WebPage","@id":"https:\/\/wendyvanmieghem.com\/nl\/levertijd\/","url":"https:\/\/wendyvanmieghem.com\/nl\/levertijd\/","name":"Betaalwijze & Levertijd - Wendyvanmieghem.com","isPartOf":{"@id":"https:\/\/wendyvanmieghem.com\/nl\/#website"},"datePublished":"2015-02-17T19:07:53+00:00","dateModified":"2026-04-10T08:53:18+00:00","description":"Digitale producten worden direct geleverd na ontvangst van de volledige betaling. Na aankoop kun je dus direct aan de slag.","breadcrumb":{"@id":"https:\/\/wendyvanmieghem.com\/nl\/levertijd\/#breadcrumb"},"inLanguage":"nl-NL","potentialAction":[{"@type":"ReadAction","target":["https:\/\/wendyvanmieghem.com\/nl\/levertijd\/"]}]},{"@type":"BreadcrumbList","@id":"https:\/\/wendyvanmieghem.com\/nl\/levertijd\/#breadcrumb","itemListElement":[{"@type":"ListItem","position":1,"name":"Home","item":"https:\/\/wendyvanmieghem.com\/nl\/"},{"@type":"ListItem","position":2,"name":"Betaalwijze &#038; Levertijd"}]},{"@type":"WebSite","@id":"https:\/\/wendyvanmieghem.com\/nl\/#website","url":"https:\/\/wendyvanmieghem.com\/nl\/","name":"Wendyvanmieghem.com","description":"Use Emotional Intelligence to Improve Mental Health, Leadership Skills, and Realize Sustainable Change in Behavior or Culture","potentialAction":[{"@type":"SearchAction","target":{"@type":"EntryPoint","urlTemplate":"https:\/\/wendyvanmieghem.com\/nl\/?s={search_term_string}"},"query-input":{"@type":"PropertyValueSpecification","valueRequired":true,"valueName":"search_term_string"}}],"inLanguage":"nl-NL"}]}},"_links":{"self":[{"href":"https:\/\/wendyvanmieghem.com\/nl\/wp-json\/wp\/v2\/pages\/14024","targetHints":{"allow":["GET"]}}],"collection":[{"href":"https:\/\/wendyvanmieghem.com\/nl\/wp-json\/wp\/v2\/pages"}],"about":[{"href":"https:\/\/wendyvanmieghem.com\/nl\/wp-json\/wp\/v2\/types\/page"}],"author":[{"embeddable":true,"href":"https:\/\/wendyvanmieghem.com\/nl\/wp-json\/wp\/v2\/users\/2"}],"replies":[{"embeddable":true,"href":"https:\/\/wendyvanmieghem.com\/nl\/wp-json\/wp\/v2\/comments?post=14024"}],"version-history":[{"count":8,"href":"https:\/\/wendyvanmieghem.com\/nl\/wp-json\/wp\/v2\/pages\/14024\/revisions"}],"predecessor-version":[{"id":46825,"href":"https:\/\/wendyvanmieghem.com\/nl\/wp-json\/wp\/v2\/pages\/14024\/revisions\/46825"}],"wp:attachment":[{"href":"https:\/\/wendyvanmieghem.com\/nl\/wp-json\/wp\/v2\/media?parent=14024"}],"curies":[{"name":"wp","href":"https:\/\/api.w.org\/{rel}","templated":true}]}}