{"id":14022,"date":"2015-02-17T20:06:51","date_gmt":"2015-02-17T19:06:51","guid":{"rendered":"https:\/\/wendyvanmieghem.com\/?page_id=14022"},"modified":"2026-04-10T11:07:12","modified_gmt":"2026-04-10T09:07:12","slug":"delivery","status":"publish","type":"page","link":"https:\/\/wendyvanmieghem.com\/en\/delivery\/","title":{"rendered":"Delivery"},"content":{"rendered":"<p>[et_pb_section fb_built=&#8221;1&#8243; admin_label=&#8221;section&#8221; _builder_version=&#8221;4.16&#8243; global_colors_info=&#8221;{}&#8221;][et_pb_row admin_label=&#8221;row&#8221; _builder_version=&#8221;4.16&#8243; background_size=&#8221;initial&#8221; background_position=&#8221;top_left&#8221; background_repeat=&#8221;repeat&#8221; global_colors_info=&#8221;{}&#8221;][et_pb_column type=&#8221;4_4&#8243; _builder_version=&#8221;4.16&#8243; custom_padding=&#8221;|||&#8221; global_colors_info=&#8221;{}&#8221; custom_padding__hover=&#8221;|||&#8221;][et_pb_text admin_label=&#8221;Text&#8221; _builder_version=&#8221;4.27.4&#8243; background_size=&#8221;initial&#8221; background_position=&#8221;top_left&#8221; background_repeat=&#8221;repeat&#8221; hover_enabled=&#8221;0&#8243; global_colors_info=&#8221;{}&#8221; sticky_enabled=&#8221;0&#8243;]<\/p>\n<h2>Payment methods, delivery &amp; shipping costs<\/h2>\n<h3><strong>Payment<\/strong><\/h3>\n<p>You can pay easily, safely, and quickly with your own bank account via Ideal | Wero, Bancontact, KBC\/CBC, bank transfer, PayPal, or credit card. When you pay by bank transfer, it may take up to 5 business days for us to receive your payment. Your order will be confirmed and shipped after receipt.\u00a0<\/p>\n<h3><strong>Delivery<\/strong><\/h3>\n<p><b>Digital products <\/b>are added to your Wendyvanmieghem.com account immediately after we receive your full payment. When you pay using one of the immediate payment methods above, digital products are automatically added to your account. This way, you can start right after purchase.<\/p>\n<p><strong>Paper products<\/strong> are sent on the same or the next workday, after we receive your full payment. Wholesale orders are sent within 2 workdays (only when there are enough products in stock).<\/p>\n<p>Please take into account an average <strong>delivery time<\/strong> of 1 &#8211; 2 weeks (inside Europe) to 2 &#8211; 4 weeks (outside Europe).<\/p>\n<h3><strong>Shipping costs<br \/><\/strong><\/h3>\n<p>The shipping costs for paper products are the actual costs for letter post and parcel mail.<\/p>\n<p>Would you like to receive <strong>paper products<\/strong> outside the Netherlands but within Europe? That&#8217;s possible! The actual shipping costs may vary by destination and are calculated during the purchase process on our webshop (after you have added your contact details).<\/p>\n<p>Digital products are added to your <a href=\"https:\/\/wendyvanmieghem.com\/en\/my-account\/\"><strong>wendyvanmieghem.com account<\/strong><\/a>. There are no additional costs. Please select &#8216;<strong>Free shipping<\/strong>&#8216; during checkout.<\/p>\n<p>[\/et_pb_text][\/et_pb_column][\/et_pb_row][\/et_pb_section]<\/p>\n","protected":false},"excerpt":{"rendered":"<p>Payment methods, delivery &amp; shipping costs Payment You can pay easily, safely, and quickly with your own bank account via Ideal | Wero, Bancontact, KBC\/CBC, bank transfer, PayPal, or credit card. When you pay by bank transfer, it may take up to 5 business days for us to receive your payment. Your order will be [&hellip;]<\/p>\n","protected":false},"author":2,"featured_media":0,"parent":0,"menu_order":0,"comment_status":"open","ping_status":"closed","template":"","meta":{"_et_pb_use_builder":"on","_et_pb_old_content":"<h2>Payment methods, delivery &amp; shipping costs<\/h2>\r\n<h3><strong>Payment<\/strong><\/h3>\r\nYou can pay easily, safe and fast with your own bank account via Ideal\/MisterCash\/Bancontact\/KBC\/CBC or Sofort. It is also possible to pay via Paypal or creditcard.\r\n<h3><strong>Delivery<\/strong><\/h3>\r\n<strong>Digital products<\/strong> are added immediately to your <a href=\"\/?page_id=13336\"><strong>wendyvanmieghem.com account<\/strong><\/a> after I've received your full payment. When you pay via one of the payment methods above, digital products are added automatically to your account. This way you can start right after purchase.\r\n\r\n<strong>Paper products<\/strong> are send within 1 to 3 workdays, after I received your full payment. Wholesale orders are also send within 1 to 3 workdays (only when there are enough products in stock).\r\n\r\nPlease take into account an average <strong>delivery time<\/strong> of 1 week (inside Europe) to 2 weeks (outside Europe).\r\n<h3><strong>Shipping costs\r\n<\/strong><\/h3>\r\nThe shipping costs for <strong>paper products<\/strong> are within the Netherlands \u00e2\u0082\u00ac3,50 for <strong>letter post<\/strong>\u00c2 and\u00c2  \u00e2\u0082\u00ac5,95 per <strong>parcel<\/strong>.\r\n\r\nWould you like to receive <strong>paper products<\/strong> outside the Netherlands? That's possible! On average the shipping costs are <strong>15 euros within Europe<\/strong> and <strong>25 euros outside Europe<\/strong>. Shipping costs to <strong>Belgium<\/strong> are 8,75 euros; to <strong>Germany<\/strong> 9 euros. The actual shipping costs may differ per destination. They are calculated during the purchase process in our webshop (after you added your contact details).\r\n\r\nDigital products are added to your <a href=\"\/?page_id=13336\"><strong>wendyvanmieghem.com account<\/strong><\/a>. There are no additional costs. Please select 'Free shipping' during your payment process.","_et_gb_content_width":"","iawp_total_views":0,"footnotes":""},"class_list":["post-14022","page","type-page","status-publish","hentry"],"yoast_head":"<!-- This site is optimized with the Yoast SEO plugin v27.5 - https:\/\/yoast.com\/product\/yoast-seo-wordpress\/ -->\n<title>Delivery - Wendyvanmieghem.com<\/title>\n<meta name=\"robots\" content=\"index, follow, max-snippet:-1, max-image-preview:large, max-video-preview:-1\" \/>\n<link rel=\"canonical\" href=\"https:\/\/wendyvanmieghem.com\/nl\/levertijd\/\" \/>\n<meta name=\"twitter:label1\" content=\"Est. reading time\" \/>\n\t<meta name=\"twitter:data1\" content=\"2 minutes\" \/>\n<script type=\"application\/ld+json\" class=\"yoast-schema-graph\">{\"@context\":\"https:\\\/\\\/schema.org\",\"@graph\":[{\"@type\":\"WebPage\",\"@id\":\"https:\\\/\\\/wendyvanmieghem.com\\\/nl\\\/levertijd\\\/\",\"url\":\"https:\\\/\\\/wendyvanmieghem.com\\\/nl\\\/levertijd\\\/\",\"name\":\"Delivery - Wendyvanmieghem.com\",\"isPartOf\":{\"@id\":\"https:\\\/\\\/wendyvanmieghem.com\\\/nl\\\/#website\"},\"datePublished\":\"2015-02-17T19:06:51+00:00\",\"dateModified\":\"2026-04-10T09:07:12+00:00\",\"breadcrumb\":{\"@id\":\"https:\\\/\\\/wendyvanmieghem.com\\\/nl\\\/levertijd\\\/#breadcrumb\"},\"inLanguage\":\"en-US\",\"potentialAction\":[{\"@type\":\"ReadAction\",\"target\":[\"https:\\\/\\\/wendyvanmieghem.com\\\/nl\\\/levertijd\\\/\"]}]},{\"@type\":\"BreadcrumbList\",\"@id\":\"https:\\\/\\\/wendyvanmieghem.com\\\/nl\\\/levertijd\\\/#breadcrumb\",\"itemListElement\":[{\"@type\":\"ListItem\",\"position\":1,\"name\":\"Home\",\"item\":\"https:\\\/\\\/wendyvanmieghem.com\\\/en\\\/\"},{\"@type\":\"ListItem\",\"position\":2,\"name\":\"Delivery\"}]},{\"@type\":\"WebSite\",\"@id\":\"https:\\\/\\\/wendyvanmieghem.com\\\/nl\\\/#website\",\"url\":\"https:\\\/\\\/wendyvanmieghem.com\\\/nl\\\/\",\"name\":\"Wendyvanmieghem.com\",\"description\":\"Use Emotional Intelligence to increase Mental Health, Leadership skills, and realize Sustainable Change in Behavior or Culture\",\"potentialAction\":[{\"@type\":\"SearchAction\",\"target\":{\"@type\":\"EntryPoint\",\"urlTemplate\":\"https:\\\/\\\/wendyvanmieghem.com\\\/nl\\\/?s={search_term_string}\"},\"query-input\":{\"@type\":\"PropertyValueSpecification\",\"valueRequired\":true,\"valueName\":\"search_term_string\"}}],\"inLanguage\":\"en-US\"}]}<\/script>\n<!-- \/ Yoast SEO plugin. -->","yoast_head_json":{"title":"Delivery - Wendyvanmieghem.com","robots":{"index":"index","follow":"follow","max-snippet":"max-snippet:-1","max-image-preview":"max-image-preview:large","max-video-preview":"max-video-preview:-1"},"canonical":"https:\/\/wendyvanmieghem.com\/nl\/levertijd\/","twitter_misc":{"Est. reading time":"2 minutes"},"schema":{"@context":"https:\/\/schema.org","@graph":[{"@type":"WebPage","@id":"https:\/\/wendyvanmieghem.com\/nl\/levertijd\/","url":"https:\/\/wendyvanmieghem.com\/nl\/levertijd\/","name":"Delivery - Wendyvanmieghem.com","isPartOf":{"@id":"https:\/\/wendyvanmieghem.com\/nl\/#website"},"datePublished":"2015-02-17T19:06:51+00:00","dateModified":"2026-04-10T09:07:12+00:00","breadcrumb":{"@id":"https:\/\/wendyvanmieghem.com\/nl\/levertijd\/#breadcrumb"},"inLanguage":"en-US","potentialAction":[{"@type":"ReadAction","target":["https:\/\/wendyvanmieghem.com\/nl\/levertijd\/"]}]},{"@type":"BreadcrumbList","@id":"https:\/\/wendyvanmieghem.com\/nl\/levertijd\/#breadcrumb","itemListElement":[{"@type":"ListItem","position":1,"name":"Home","item":"https:\/\/wendyvanmieghem.com\/en\/"},{"@type":"ListItem","position":2,"name":"Delivery"}]},{"@type":"WebSite","@id":"https:\/\/wendyvanmieghem.com\/nl\/#website","url":"https:\/\/wendyvanmieghem.com\/nl\/","name":"Wendyvanmieghem.com","description":"Use Emotional Intelligence to increase Mental Health, Leadership skills, and realize Sustainable Change in Behavior or Culture","potentialAction":[{"@type":"SearchAction","target":{"@type":"EntryPoint","urlTemplate":"https:\/\/wendyvanmieghem.com\/nl\/?s={search_term_string}"},"query-input":{"@type":"PropertyValueSpecification","valueRequired":true,"valueName":"search_term_string"}}],"inLanguage":"en-US"}]}},"_links":{"self":[{"href":"https:\/\/wendyvanmieghem.com\/en\/wp-json\/wp\/v2\/pages\/14022","targetHints":{"allow":["GET"]}}],"collection":[{"href":"https:\/\/wendyvanmieghem.com\/en\/wp-json\/wp\/v2\/pages"}],"about":[{"href":"https:\/\/wendyvanmieghem.com\/en\/wp-json\/wp\/v2\/types\/page"}],"author":[{"embeddable":true,"href":"https:\/\/wendyvanmieghem.com\/en\/wp-json\/wp\/v2\/users\/2"}],"replies":[{"embeddable":true,"href":"https:\/\/wendyvanmieghem.com\/en\/wp-json\/wp\/v2\/comments?post=14022"}],"version-history":[{"count":4,"href":"https:\/\/wendyvanmieghem.com\/en\/wp-json\/wp\/v2\/pages\/14022\/revisions"}],"predecessor-version":[{"id":46827,"href":"https:\/\/wendyvanmieghem.com\/en\/wp-json\/wp\/v2\/pages\/14022\/revisions\/46827"}],"wp:attachment":[{"href":"https:\/\/wendyvanmieghem.com\/en\/wp-json\/wp\/v2\/media?parent=14022"}],"curies":[{"name":"wp","href":"https:\/\/api.w.org\/{rel}","templated":true}]}}